{"id":208,"date":"2026-03-01T14:48:27","date_gmt":"2026-03-01T14:48:27","guid":{"rendered":"https:\/\/physio-remotion.de\/?page_id=208"},"modified":"2026-04-12T15:22:18","modified_gmt":"2026-04-12T15:22:18","slug":"anfahrt","status":"publish","type":"page","link":"https:\/\/physio-remotion.de\/index.php\/anfahrt\/","title":{"rendered":"Anfahrt &#038; Kontakt"},"content":{"rendered":"\n<div id=\"wp-block-themeisle-blocks-advanced-columns-2c60bc77\" class=\"wp-block-themeisle-blocks-advanced-columns alignfull has-1-columns has-desktop-equal-layout has-tablet-equal-layout has-mobile-collapsedRows-layout has-reverse-columns-mobile has-vertical-center ticss-c00aadba\"><div class=\"wp-block-themeisle-blocks-advanced-columns-overlay\"><\/div><div class=\"innerblocks-wrap\">\n<div id=\"wp-block-themeisle-blocks-advanced-column-75b9263d\" class=\"wp-block-themeisle-blocks-advanced-column\">\n<div style=\"height:100px\" aria-hidden=\"true\" class=\"wp-block-spacer\"><\/div>\n\n\n\n<h2 id=\"wp-block-themeisle-blocks-advanced-heading-5d5675df\" class=\"wp-block-themeisle-blocks-advanced-heading wp-block-themeisle-blocks-advanced-heading-5d5675df  o-typing-fast\">ANFAHRT &amp; KONTAKT<\/h2>\n\n\n\n<div style=\"height:150px\" aria-hidden=\"true\" class=\"wp-block-spacer\"><\/div>\n<\/div>\n<\/div><\/div>\n\n\n\n<div style=\"height:47px\" aria-hidden=\"true\" class=\"wp-block-spacer\"><\/div>\n\n\n\n<div style=\"height:50px\" aria-hidden=\"true\" class=\"wp-block-spacer\"><\/div>\n\n\n\n<div id=\"wp-block-themeisle-blocks-advanced-columns-d7de00f8\" class=\"wp-block-themeisle-blocks-advanced-columns has-2-columns has-desktop-equal-layout has-tablet-equal-layout has-mobile-collapsedRows-layout has-vertical-unset\"><div class=\"wp-block-themeisle-blocks-advanced-columns-overlay\"><\/div><div class=\"innerblocks-wrap\">\n<div id=\"wp-block-themeisle-blocks-advanced-column-006aede9\" class=\"wp-block-themeisle-blocks-advanced-column\">\n<h4 id=\"wp-block-themeisle-blocks-advanced-heading-8e35b90f\" class=\"wp-block-themeisle-blocks-advanced-heading wp-block-themeisle-blocks-advanced-heading-8e35b90f\"><br><strong>Termine nach Vereinbarung.<br>Wir freuen uns auf sie!<\/strong><\/h4>\n\n\n\n<div id=\"wp-block-themeisle-blocks-icon-list-dfc1fb3a\" class=\"wp-block-themeisle-blocks-icon-list\">\n<div id=\"wp-block-themeisle-blocks-icon-list-item-e6a57e87\" class=\"wp-block-themeisle-blocks-icon-list-item\"><i class=\"fas fa-phone wp-block-themeisle-blocks-icon-list-item-icon\"><\/i><p class=\"wp-block-themeisle-blocks-icon-list-item-content\">08122 \/ 15933<\/p><\/div>\n\n\n\n<div id=\"wp-block-themeisle-blocks-icon-list-item-648b3a6e\" class=\"wp-block-themeisle-blocks-icon-list-item\"><i class=\"far fa-envelope wp-block-themeisle-blocks-icon-list-item-icon\"><\/i><p class=\"wp-block-themeisle-blocks-icon-list-item-content\">info@physio-remotion.de<\/p><\/div>\n\n\n\n<div id=\"wp-block-themeisle-blocks-icon-list-item-d4eec3f8\" class=\"wp-block-themeisle-blocks-icon-list-item\"><i class=\"fas fa-map-marker-alt wp-block-themeisle-blocks-icon-list-item-icon\"><\/i><p class=\"wp-block-themeisle-blocks-icon-list-item-content\"><br>Physio Re:Motion<br>Carmen Maurer, Lena Eichinger<br>Justus-von-Liebig-Stra\u00dfe 2<br>85435 Erding<br><\/p><\/div>\n<\/div>\n\n\n\n<p><\/p>\n\n\n\n<p><strong>\u00d6ffnungszeiten:<\/strong><br>Montag: 08.00 \u2013 20.00 Uhr<br>Dienstag: 08.00 \u2013 18.30 Uhr<br>Mittwoch: 09.00 \u2013 13.00 Uhr<br>Donnerstag: 09.00 \u2013 19.00 Uhr<br>Freitag: 08.30 \u2013 14.00 Uhr<\/p>\n<\/div>\n\n\n\n<div id=\"wp-block-themeisle-blocks-advanced-column-b9aa8abe\" class=\"wp-block-themeisle-blocks-advanced-column\">\n<div id=\"wp-block-themeisle-blocks-form-c02278c7\" class=\"wp-block-themeisle-blocks-form\" data-option-name=\"bf9b28ff82ce323187abc5d0feb0d8f07ecd8436_c02278c7\"><form class=\"otter-form__container\">\n<div id=\"wp-block-themeisle-blocks-form-input-b7bbe5bf\" class=\"wp-block-themeisle-blocks-form-input\"><label for=\"wp-block-themeisle-blocks-form-input-b7bbe5bf-input\" class=\"otter-form-input-label\"><span class=\"otter-form-input-label__label\">Name<\/span><span class=\"required\">*<\/span><\/label><input type=\"text\" id=\"wp-block-themeisle-blocks-form-input-b7bbe5bf-input\" required class=\"otter-form-input\"\/><\/div>\n\n\n\n<div id=\"wp-block-themeisle-blocks-form-input-6cf151a8\" class=\"wp-block-themeisle-blocks-form-input\"><label for=\"wp-block-themeisle-blocks-form-input-6cf151a8-input\" class=\"otter-form-input-label\"><span class=\"otter-form-input-label__label\">Email<\/span><span class=\"required\">*<\/span><\/label><input type=\"email\" id=\"wp-block-themeisle-blocks-form-input-6cf151a8-input\" required class=\"otter-form-input\"\/><\/div>\n\n\n\n<div id=\"wp-block-themeisle-blocks-form-textarea-516ebef1\" class=\"wp-block-themeisle-blocks-form-textarea\"><label for=\"wp-block-themeisle-blocks-form-textarea-516ebef1-input\" class=\"otter-form-textarea-label\"><span class=\"otter-form-textarea-label__label\">Nachricht<\/span><\/label><textarea id=\"wp-block-themeisle-blocks-form-textarea-516ebef1-input\" rows=\"10\" class=\"otter-form-textarea-input\"><\/textarea><\/div>\n\n\n\n<p class=\"has-extra-small-font-size\">Mit dem Absenden dieses Formulars erkl\u00e4ren Sie sich damit einverstanden, E-Mails von uns zu erhalten.<\/p>\n\n\n<div class=\"protection\" aria-hidden=\"true\"><input type=\"hidden\" id=\"wp-block-themeisle-blocks-form-c02278c7_nonce_field\" name=\"wp-block-themeisle-blocks-form-c02278c7_nonce_field\" value=\"807f06ac5f\" \/><input type=\"hidden\" name=\"_wp_http_referer\" value=\"\/index.php\/wp-json\/wp\/v2\/pages\/208\" \/><input class=\"o-anti-bot\" type=\"checkbox\"><\/div><div class=\"wp-block-button\"><button class=\"wp-block-button__link\" type=\"submit\">Submit<\/button><\/div><\/form><\/div>\n<\/div>\n<\/div><\/div>\n\n\n\n<p>Unsere gro\u00dfz\u00fcgigen Praxisr\u00e4ume befinden sich im Dachgeschoss des Hauptgeb\u00e4udes im Riemerschmidt-Gewerbe. F\u00fcr unsere Patientinnen und Patienten stehen Parkpl\u00e4tze hinter dem Nebengeb\u00e4ude zur Verf\u00fcgung. Bequem erreichen Sie uns entweder mit dem Aufzug ins Obergeschoss oder \u00fcber das Treppenhaus.<\/p>\n\n\n<div style=\"height:800pxpx;\" class=\"alignfull alignfull wp-block-themeisle-blocks-leaflet-map\" id=\"wp-block-themeisle-blocks-leaflet-map-cc0ec467\"><\/div>\n<script type=\"text\/javascript\">\n\t\/* <![CDATA[ *\/\n\t\tif ( ! window.themeisleLeafletMaps ) window.themeisleLeafletMaps =[];\n\t\twindow.themeisleLeafletMaps.push( { container: \"wp-block-themeisle-blocks-leaflet-map-cc0ec467\", attributes: {\"id\":\"wp-block-themeisle-blocks-leaflet-map-cc0ec467\",\"location\":\"Justus-von-Liebig-Stra\\u00dfe 2-14 85435 Erding\",\"latitude\":\"48.282664569978984\",\"longitude\":\"11.89998507499695\",\"bbox\":\"11.886670589447023,48.276952594028565,11.913299560546877,48.288375907261454\",\"zoom\":16,\"height\":\"800px\",\"markers\":[{\"id\":\"6505ed3e-a85a-47bc-ab9a-aaba3aa32c43\",\"latitude\":48.28145082852858,\"longitude\":11.899051666259767,\"title\":\"Add a title\",\"description\":\"\"}],\"align\":\"full\",\"zoomControl\":true,\"draggable\":true,\"hasCustomCSS\":false,\"customCSS\":\"\",\"otterConditions\":[]} } );\n\t\/* ]]> *\/\n<\/script>\n\n\n\n<p><\/p>\n","protected":false},"excerpt":{"rendered":"<p>Unsere gro\u00dfz\u00fcgigen Praxisr\u00e4ume befinden sich im Dachgeschoss des Hauptgeb\u00e4udes im Riemerschmidt-Gewerbe. F\u00fcr unsere Patientinnen und Patienten stehen Parkpl\u00e4tze hinter dem Nebengeb\u00e4ude zur Verf\u00fcgung. Bequem erreichen Sie uns entweder mit dem Aufzug ins Obergeschoss oder \u00fcber das Treppenhaus.<\/p>\n","protected":false},"author":1,"featured_media":0,"parent":0,"menu_order":0,"comment_status":"closed","ping_status":"closed","template":"","meta":{"neve_meta_sidebar":"default","neve_meta_container":"default","neve_meta_enable_content_width":"","neve_meta_content_width":70,"neve_meta_title_alignment":"","neve_meta_author_avatar":"","neve_post_elements_order":"","neve_meta_disable_header":"","neve_meta_disable_footer":"","neve_meta_disable_title":"on","_themeisle_gutenberg_block_has_review":false,"footnotes":""},"class_list":["post-208","page","type-page","status-publish","hentry"],"_links":{"self":[{"href":"https:\/\/physio-remotion.de\/index.php\/wp-json\/wp\/v2\/pages\/208","targetHints":{"allow":["GET"]}}],"collection":[{"href":"https:\/\/physio-remotion.de\/index.php\/wp-json\/wp\/v2\/pages"}],"about":[{"href":"https:\/\/physio-remotion.de\/index.php\/wp-json\/wp\/v2\/types\/page"}],"author":[{"embeddable":true,"href":"https:\/\/physio-remotion.de\/index.php\/wp-json\/wp\/v2\/users\/1"}],"replies":[{"embeddable":true,"href":"https:\/\/physio-remotion.de\/index.php\/wp-json\/wp\/v2\/comments?post=208"}],"version-history":[{"count":39,"href":"https:\/\/physio-remotion.de\/index.php\/wp-json\/wp\/v2\/pages\/208\/revisions"}],"predecessor-version":[{"id":493,"href":"https:\/\/physio-remotion.de\/index.php\/wp-json\/wp\/v2\/pages\/208\/revisions\/493"}],"wp:attachment":[{"href":"https:\/\/physio-remotion.de\/index.php\/wp-json\/wp\/v2\/media?parent=208"}],"curies":[{"name":"wp","href":"https:\/\/api.w.org\/{rel}","templated":true}]}}