{"id":65,"date":"2026-03-01T14:48:27","date_gmt":"2026-03-01T14:48:27","guid":{"rendered":"https:\/\/physio-remotion.de\/?page_id=65"},"modified":"2026-04-12T15:01:35","modified_gmt":"2026-04-12T15:01:35","slug":"leistungen","status":"publish","type":"page","link":"https:\/\/physio-remotion.de\/index.php\/leistungen\/","title":{"rendered":"Leistungen"},"content":{"rendered":"\n<div id=\"wp-block-themeisle-blocks-advanced-columns-2c60bc77\" class=\"wp-block-themeisle-blocks-advanced-columns alignfull has-1-columns has-desktop-equal-layout has-tablet-equal-layout has-mobile-collapsedRows-layout has-reverse-columns-mobile has-vertical-center ticss-c00aadba\"><div class=\"wp-block-themeisle-blocks-advanced-columns-overlay\"><\/div><div class=\"innerblocks-wrap\">\n<div id=\"wp-block-themeisle-blocks-advanced-column-75b9263d\" class=\"wp-block-themeisle-blocks-advanced-column\">\n<div style=\"height:100px\" aria-hidden=\"true\" class=\"wp-block-spacer\"><\/div>\n\n\n\n<h2 id=\"wp-block-themeisle-blocks-advanced-heading-5d5675df\" class=\"wp-block-themeisle-blocks-advanced-heading wp-block-themeisle-blocks-advanced-heading-5d5675df o-typing-fast\">Unsere Leistungen<\/h2>\n\n\n\n<div style=\"height:150px\" aria-hidden=\"true\" class=\"wp-block-spacer\"><\/div>\n<\/div>\n<\/div><\/div>\n\n\n\n<div id=\"wp-block-themeisle-blocks-advanced-columns-0dceec1e\" class=\"wp-block-themeisle-blocks-advanced-columns has-1-columns has-desktop-equal-layout has-tablet-equal-layout has-mobile-equal-layout has-vertical-unset\"><div class=\"wp-block-themeisle-blocks-advanced-columns-overlay\"><\/div><div class=\"innerblocks-wrap\">\n<div id=\"wp-block-themeisle-blocks-advanced-column-63e949db\" class=\"wp-block-themeisle-blocks-advanced-column\">\n<div style=\"height:100px\" aria-hidden=\"true\" class=\"wp-block-spacer\"><\/div>\n<\/div>\n<\/div><\/div>\n\n\n\n<h3 class=\"wp-block-heading\"><\/h3>\n\n\n\n<div id=\"wp-block-themeisle-blocks-accordion-a3c88d3d\" class=\"wp-block-themeisle-blocks-accordion exclusive has-light-content-bg has-light-title-bg\">\n<details class=\"wp-block-themeisle-blocks-accordion-item\"><summary class=\"wp-block-themeisle-blocks-accordion-item__title\"><div><strong>Manuelle Lymphdrainage<\/strong><\/div><\/summary><div class=\"wp-block-themeisle-blocks-accordion-item__content\">\n<p>Die manuelle Lymphdrainage regt mit sanften Grifftechnikenden Lymphfluss an, reduziert Schwellungen und unterst\u00fctzt die Regeneration. Sie ist besonders wirksam bei Lymph\u00f6demen, postoperativen Schwellungen oder ven\u00f6sen Stauungen. Erg\u00e4nzende Bewegungs\u00fcbungen f\u00f6rdern den Abtransport von Gewebefl\u00fcssigkeit.<\/p>\n<\/div><\/details>\n\n\n\n<details class=\"wp-block-themeisle-blocks-accordion-item\"><summary class=\"wp-block-themeisle-blocks-accordion-item__title\"><div><strong>Manuelle Therapie<\/strong><\/div><\/summary><div class=\"wp-block-themeisle-blocks-accordion-item__content\">\n<p>Die Manuelle Therapie ist eine spezielle Technik in der Physiotherapie. Mit gezielten Handgriffen und sanften Mobilisationen verbessern wir die Beweglichkeit von Gelenken und Weichteilen. So lassen sich Schmerzen lindern, Beweglichkeit f\u00f6rdern und die Muskulatur gezielt unterst\u00fctzen.<\/p>\n<\/div><\/details>\n\n\n\n<details class=\"wp-block-themeisle-blocks-accordion-item\"><summary class=\"wp-block-themeisle-blocks-accordion-item__title\"><div><strong>Krankengymnastik am Ger\u00e4t<\/strong><\/div><\/summary><div class=\"wp-block-themeisle-blocks-accordion-item__content\">\n<p>Krankengymnastik am Ger\u00e4t kombiniert medizinisches Krafttraining mit funktionellen \u00dcbungen, um Kraft, Stabilit\u00e4t und Beweglichkeit zu verbessern. Ihr Trainingsplan wird individuell erstellt, besonders hilfreich nach Operationen oder bei orthop\u00e4dischen Beschwerden.<\/p>\n<\/div><\/details>\n\n\n\n<details class=\"wp-block-themeisle-blocks-accordion-item\"><summary class=\"wp-block-themeisle-blocks-accordion-item__title\"><div><strong>Wellnessangebote<\/strong><\/div><\/summary><div class=\"wp-block-themeisle-blocks-accordion-item__content\">\n<p>Neben der Klassischen Massagetherapie, bieten wir noch Hot-Stone-Massage, Aroma\u00f6lmassage und Sportmassage an.<\/p>\n<\/div><\/details>\n\n\n\n<details class=\"wp-block-themeisle-blocks-accordion-item\"><summary class=\"wp-block-themeisle-blocks-accordion-item__title\"><div><strong>Krankengymnastik auf Neurophysiologischer Basis \u2013 Bobath<\/strong><\/div><\/summary><div class=\"wp-block-themeisle-blocks-accordion-item__content\">\n<p>Das Bobath-Konzept ist ein weltweit anerkanntes, neurophysiologisches Therapiekonzept zur Rehabilitation von Erwachsenen mit Hirnsch\u00e4digungen (z.B. Schlaganfall, MS), das auf Plastizit\u00e4t des Gehirns basiert. Es f\u00f6rdert durch individuell angepasste, alltagsorientierte Bewegungen die Wiedergewinnung motorischer F\u00e4higkeiten, hemmt Spastik und steigert die Selbstst\u00e4ndigkeit, oft umgesetzt als ganzheitliches 24-Stunden-Konzept.<\/p>\n<\/div><\/details>\n\n\n\n<details class=\"wp-block-themeisle-blocks-accordion-item\"><summary class=\"wp-block-themeisle-blocks-accordion-item__title\"><div><strong>Kinesiotaping<\/strong><\/div><\/summary><div class=\"wp-block-themeisle-blocks-accordion-item__content\">\n<p>Kinesiotape (Physio-Tape) ist ein hochelastisches, selbstklebendes Baumwollband, das zur schmerzfreien Behandlung von Verletzungen an Muskeln, B\u00e4ndern und Gelenken eingesetzt wird. Es f\u00f6rdert durch seine Elastizit\u00e4t die Durchblutung und den Lymphfluss, verbessert die Muskelfunktion und stabilisiert Gelenke, ohne die Bewegung einzuschr\u00e4nken.<\/p>\n<\/div><\/details>\n\n\n\n<details class=\"wp-block-themeisle-blocks-accordion-item\"><summary class=\"wp-block-themeisle-blocks-accordion-item__title\"><div><strong>K\u00e4lte- &amp; W\u00e4rmetherapie<\/strong><\/div><\/summary><div class=\"wp-block-themeisle-blocks-accordion-item__content\">\n<p>Die W\u00e4rme- und K\u00e4ltetherapie beeinflusst gezielt Schmerzen, Durchblutung und Muskelspannung. W\u00e4rmeanwendungen wie Fango, Hei\u00dfluft oder hei\u00dfe Rolle f\u00f6rdern Entspannung und Regeneration. K\u00e4lteanwendungen wie Eispackungen oder Kryotherapie hemmen Entz\u00fcndungen und reduzieren Schwellungen.<\/p>\n<\/div><\/details>\n\n\n\n<details class=\"wp-block-themeisle-blocks-accordion-item\"><summary class=\"wp-block-themeisle-blocks-accordion-item__title\"><div><strong><strong>Elektrotherapie\/Ultraschall<\/strong><\/strong><\/div><\/summary><div class=\"wp-block-themeisle-blocks-accordion-item__content\">\n<p>Gezielte Energieimpulse lindern Schmerzen, f\u00f6rdern die Durchblutung und unterst\u00fctzen die Geweberegeneration. Die Therapie kann optimal an orthop\u00e4dische und posttraumatische Beschwerden, sowie an Gelenksentz\u00fcndungen angepasst werden.<\/p>\n<\/div><\/details>\n<\/div>\n\n\n\n<p><\/p>\n","protected":false},"excerpt":{"rendered":"","protected":false},"author":2,"featured_media":0,"parent":0,"menu_order":0,"comment_status":"closed","ping_status":"closed","template":"","meta":{"neve_meta_sidebar":"","neve_meta_container":"","neve_meta_enable_content_width":"","neve_meta_content_width":0,"neve_meta_title_alignment":"","neve_meta_author_avatar":"","neve_post_elements_order":"","neve_meta_disable_header":"","neve_meta_disable_footer":"","neve_meta_disable_title":"on","_themeisle_gutenberg_block_has_review":false,"footnotes":""},"class_list":["post-65","page","type-page","status-publish","hentry"],"_links":{"self":[{"href":"https:\/\/physio-remotion.de\/index.php\/wp-json\/wp\/v2\/pages\/65","targetHints":{"allow":["GET"]}}],"collection":[{"href":"https:\/\/physio-remotion.de\/index.php\/wp-json\/wp\/v2\/pages"}],"about":[{"href":"https:\/\/physio-remotion.de\/index.php\/wp-json\/wp\/v2\/types\/page"}],"author":[{"embeddable":true,"href":"https:\/\/physio-remotion.de\/index.php\/wp-json\/wp\/v2\/users\/2"}],"replies":[{"embeddable":true,"href":"https:\/\/physio-remotion.de\/index.php\/wp-json\/wp\/v2\/comments?post=65"}],"version-history":[{"count":30,"href":"https:\/\/physio-remotion.de\/index.php\/wp-json\/wp\/v2\/pages\/65\/revisions"}],"predecessor-version":[{"id":488,"href":"https:\/\/physio-remotion.de\/index.php\/wp-json\/wp\/v2\/pages\/65\/revisions\/488"}],"wp:attachment":[{"href":"https:\/\/physio-remotion.de\/index.php\/wp-json\/wp\/v2\/media?parent=65"}],"curies":[{"name":"wp","href":"https:\/\/api.w.org\/{rel}","templated":true}]}}